{"id":4311,"date":"2023-01-20T21:14:20","date_gmt":"2023-01-20T21:14:20","guid":{"rendered":"https:\/\/quintasantos.pt\/?page_id=4311"},"modified":"2025-06-27T12:41:21","modified_gmt":"2025-06-27T12:41:21","slug":"crinkle","status":"publish","type":"page","link":"https:\/\/greendye.pt\/en\/crinkle\/","title":{"rendered":"Crinkle"},"content":{"rendered":"<style>.elementor-4311 .elementor-element.elementor-element-2b6734f4 > .elementor-container{min-height:100vh;}.elementor-4311 .elementor-element.elementor-element-2b6734f4:not(.elementor-motion-effects-element-type-background), .elementor-4311 .elementor-element.elementor-element-2b6734f4 > .elementor-motion-effects-container > .elementor-motion-effects-layer{background-color:#FFFFFF;}.elementor-4311 .elementor-element.elementor-element-2b6734f4 > .elementor-background-overlay{background-color:#131313;opacity:0;mix-blend-mode:multiply;transition:background 0.3s, border-radius 0.3s, opacity 0.3s;}.elementor-4311 .elementor-element.elementor-element-2b6734f4{transition:background 0.3s, border 0.3s, border-radius 0.3s, box-shadow 0.3s;margin-top:100px;margin-bottom:100px;}.elementor-4311 .elementor-element.elementor-element-19b2cee8:not(.elementor-motion-effects-element-type-background) > .elementor-widget-wrap, .elementor-4311 .elementor-element.elementor-element-19b2cee8 > .elementor-widget-wrap > .elementor-motion-effects-container > .elementor-motion-effects-layer{background-color:transparent;background-image:linear-gradient(180deg, #F0EEEF 0%, #ebe9ec 100%);}.elementor-4311 .elementor-element.elementor-element-19b2cee8 > .elementor-element-populated >  .elementor-background-overlay{background-color:transparent;background-image:radial-gradient(at center center, #f0eeef 0%, #f0f0f0 100%);opacity:0.6;}.elementor-4311 .elementor-element.elementor-element-19b2cee8 > .elementor-element-populated, .elementor-4311 .elementor-element.elementor-element-19b2cee8 > .elementor-element-populated > .elementor-background-overlay, .elementor-4311 .elementor-element.elementor-element-19b2cee8 > .elementor-background-slideshow{border-radius:10px 10px 10px 10px;}.elementor-4311 .elementor-element.elementor-element-19b2cee8 > .elementor-element-populated{box-shadow:0px 0px 61px -31px #000000;transition:background 0.3s, border 0.3s, border-radius 0.3s, box-shadow 0.3s;}.elementor-4311 .elementor-element.elementor-element-19b2cee8 > .elementor-element-populated > .elementor-background-overlay{transition:background 0.3s, border-radius 0.3s, opacity 0.3s;}.elementor-4311 .elementor-element.elementor-element-53bf34d5 > .elementor-container{min-height:677px;}.elementor-4311 .elementor-element.elementor-element-53bf34d5 > .elementor-container > .elementor-column > .elementor-widget-wrap{align-content:center;align-items:center;}.elementor-4311 .elementor-element.elementor-element-53bf34d5, .elementor-4311 .elementor-element.elementor-element-53bf34d5 > .elementor-background-overlay{border-radius:7px 7px 7px 7px;}.elementor-4311 .elementor-element.elementor-element-53bf34d5{margin-top:0px;margin-bottom:0px;padding:0px 0px 0px 0px;}.elementor-4311 .elementor-element.elementor-element-6131821b > .elementor-element-populated{padding:50px 50px 50px 50px;}.elementor-4311 .elementor-element.elementor-element-3d640ec9{text-align:start;}.elementor-4311 .elementor-element.elementor-element-3d640ec9 .elementor-heading-title{font-family:\"Jost\", Sans-serif;font-size:4rem;font-weight:700;line-height:1em;color:#0c0c0c;}.elementor-4311 .elementor-element.elementor-element-56aabb98{--divider-border-style:solid;--divider-color:#54595f;--divider-border-width:2px;}.elementor-4311 .elementor-element.elementor-element-56aabb98 .elementor-divider-separator{width:30px;margin:0 auto;margin-left:0;}.elementor-4311 .elementor-element.elementor-element-56aabb98 .elementor-divider{text-align:left;padding-block-start:2px;padding-block-end:2px;}.elementor-4311 .elementor-element.elementor-element-3dfed1d2{font-family:\"Jost\", Sans-serif;font-size:1.1rem;line-height:1.5em;color:#7A7A7A;}.elementor-4311 .elementor-element.elementor-element-0cbd832 .elementor-button{font-family:\"Jost\", Sans-serif;font-size:0.8rem;font-weight:600;text-transform:uppercase;text-decoration:none;line-height:19px;letter-spacing:2.6px;fill:#000000;color:#000000;background-color:rgba(196,181,131,0);border-style:solid;border-width:1px 1px 1px 1px;border-color:#000000;border-radius:100px 100px 100px 100px;padding:15px 45px 15px 45px;}.elementor-4311 .elementor-element.elementor-element-0cbd832 .elementor-button:hover, .elementor-4311 .elementor-element.elementor-element-0cbd832 .elementor-button:focus{color:#54595f;background-color:#ffffff;border-color:#ffffff;}.elementor-4311 .elementor-element.elementor-element-0cbd832 .elementor-button:hover svg, .elementor-4311 .elementor-element.elementor-element-0cbd832 .elementor-button:focus svg{fill:#54595f;}.elementor-4311 .elementor-element.elementor-element-0cbd832 > .elementor-widget-container{padding:20px 0px 0px 0px;}.elementor-4311 .elementor-element.elementor-element-adbec56 .jeg-elementor-kit.jkit-button{text-align:left;}.elementor-4311 .elementor-element.elementor-element-adbec56 .jeg-elementor-kit.jkit-button .jkit-button-wrapper{width:35%;padding:15px 0px 15px 0px;text-decoration:none;color:#B7F0F7;background-color:#255071;border-radius:100px 100px 100px 100px;box-shadow:0px 3px 5px 1px rgba(0, 0, 0, 0.1);}.elementor-4311 .elementor-element.elementor-element-adbec56 .jeg-elementor-kit.jkit-button .jkit-button-wrapper svg{fill:#B7F0F7;width:25px;}.elementor-4311 .elementor-element.elementor-element-adbec56 .jeg-elementor-kit.jkit-button .jkit-button-wrapper:hover{color:#255071;}.elementor-4311 .elementor-element.elementor-element-adbec56 .jeg-elementor-kit.jkit-button .jkit-button-wrapper:hover svg{fill:#255071;}.elementor-4311 .elementor-element.elementor-element-adbec56 .jeg-elementor-kit.jkit-button .jkit-button-wrapper:not(.hover-gradient):hover, .elementor-4311 .elementor-element.elementor-element-adbec56 .jeg-elementor-kit.jkit-button .jkit-button-wrapper.hover-gradient:before{background-color:#B8F7FF;}.elementor-4311 .elementor-element.elementor-element-adbec56 .jeg-elementor-kit.jkit-button .jkit-button-wrapper i{font-size:25px;}.elementor-4311 .elementor-element.elementor-element-adbec56 .jeg-elementor-kit.jkit-button.icon-position-before .jkit-button-wrapper i, .elementor-4311 .elementor-element.elementor-element-adbec56 .jeg-elementor-kit.jkit-button.icon-position-before .jkit-button-wrapper svg{margin-right:15px;}.elementor-4311 .elementor-element.elementor-element-adbec56 .jeg-elementor-kit.jkit-button.icon-position-after .jkit-button-wrapper i, .elementor-4311 .elementor-element.elementor-element-adbec56 .jeg-elementor-kit.jkit-button.icon-position-after .jkit-button-wrapper svg{margin-left:15px;}.elementor-4311 .elementor-element.elementor-element-adbec56 .jeg-elementor-kit.jkit-button .jkit-button-wrapper i, .elementor-4311 .elementor-element.elementor-element-adbec56 .jeg-elementor-kit.jkit-button .jkit-button-wrapper svg{-webkit-transform:translateY(0px);-ms-transform:translateY(0px);-o-transform:translateY(0px);-moz-transform:translateY(0px);transform:translateY(0px);}.elementor-bc-flex-widget .elementor-4311 .elementor-element.elementor-element-16b1e32a.elementor-column .elementor-widget-wrap{align-items:flex-start;}.elementor-4311 .elementor-element.elementor-element-16b1e32a.elementor-column.elementor-element[data-element_type=\"column\"] > .elementor-widget-wrap.elementor-element-populated{align-content:flex-start;align-items:flex-start;}.elementor-4311 .elementor-element.elementor-element-16b1e32a > .elementor-widget-wrap > .elementor-widget:not(.elementor-widget__width-auto):not(.elementor-widget__width-initial):not(:last-child):not(.elementor-absolute){margin-block-end:0px;}.elementor-4311 .elementor-element.elementor-element-75722d5b{--spacer-size:73px;}:root{--page-title-display:none;}@media(max-width:1024px){.elementor-4311 .elementor-element.elementor-element-2b6734f4 > .elementor-container{min-height:100vh;}.elementor-4311 .elementor-element.elementor-element-19b2cee8 > .elementor-element-populated{margin:20px 20px 20px 20px;--e-column-margin-right:20px;--e-column-margin-left:20px;}.elementor-4311 .elementor-element.elementor-element-6131821b > .elementor-element-populated{padding:25px 25px 25px 25px;}.elementor-4311 .elementor-element.elementor-element-3dfed1d2 > .elementor-widget-container{padding:0px 0px 0px 0px;}.elementor-4311 .elementor-element.elementor-element-adbec56 .jeg-elementor-kit.jkit-button{text-align:left;}.elementor-4311 .elementor-element.elementor-element-adbec56 .jeg-elementor-kit.jkit-button .jkit-button-wrapper{width:190px;}.elementor-4311 .elementor-element.elementor-element-16b1e32a > .elementor-element-populated{margin:15% 2% 0% 15%;--e-column-margin-right:2%;--e-column-margin-left:15%;}.elementor-4311 .elementor-element.elementor-element-75722d5b{--spacer-size:130px;}}@media(max-width:767px){.elementor-4311 .elementor-element.elementor-element-3d640ec9 .elementor-heading-title{font-size:32px;}.elementor-4311 .elementor-element.elementor-element-16b1e32a > .elementor-element-populated{margin:20px 20px 20px 20px;--e-column-margin-right:20px;--e-column-margin-left:20px;}.elementor-4311 .elementor-element.elementor-element-75722d5b{--spacer-size:42px;}}@media(max-width:1024px) and (min-width:768px){.elementor-4311 .elementor-element.elementor-element-6131821b{width:60%;}.elementor-4311 .elementor-element.elementor-element-16b1e32a{width:40%;}}<\/style>\t\t<div data-elementor-type=\"wp-page\" data-elementor-id=\"4311\" class=\"elementor elementor-4311\" data-elementor-post-type=\"page\">\n\t\t\t\t\t\t<section class=\"elementor-section elementor-top-section elementor-element elementor-element-2b6734f4 elementor-section-height-min-height elementor-section-boxed elementor-section-height-default elementor-section-items-middle\" data-id=\"2b6734f4\" data-element_type=\"section\" data-e-type=\"section\" data-settings=\"{&quot;background_background&quot;:&quot;classic&quot;}\">\n\t\t\t\t\t\t\t<div class=\"elementor-background-overlay\"><\/div>\n\t\t\t\t\t\t\t<div class=\"elementor-container elementor-column-gap-no\">\n\t\t\t\t\t<div class=\"elementor-column elementor-col-100 elementor-top-column elementor-element elementor-element-19b2cee8\" data-id=\"19b2cee8\" data-element_type=\"column\" data-e-type=\"column\" data-settings=\"{&quot;background_background&quot;:&quot;gradient&quot;}\">\n\t\t\t<div class=\"elementor-widget-wrap elementor-element-populated\">\n\t\t\t\t\t<div class=\"elementor-background-overlay\"><\/div>\n\t\t\t\t\t\t<section class=\"elementor-section elementor-inner-section elementor-element elementor-element-53bf34d5 elementor-section-height-min-height elementor-section-content-middle elementor-reverse-mobile elementor-section-boxed elementor-section-height-default\" data-id=\"53bf34d5\" data-element_type=\"section\" data-e-type=\"section\">\n\t\t\t\t\t\t<div class=\"elementor-container elementor-column-gap-no\">\n\t\t\t\t\t<div class=\"elementor-column elementor-col-50 elementor-inner-column elementor-element elementor-element-6131821b\" data-id=\"6131821b\" data-element_type=\"column\" data-e-type=\"column\">\n\t\t\t<div class=\"elementor-widget-wrap elementor-element-populated\">\n\t\t\t\t\t\t<div class=\"elementor-element elementor-element-3d640ec9 animated-slow elementor-invisible elementor-widget elementor-widget-heading\" data-id=\"3d640ec9\" data-element_type=\"widget\" data-e-type=\"widget\" data-settings=\"{&quot;_animation&quot;:&quot;fadeInUp&quot;,&quot;_animation_delay&quot;:100}\" data-widget_type=\"heading.default\">\n\t\t\t\t<div class=\"elementor-widget-container\">\n\t\t\t\t\t<h2 class=\"elementor-heading-title elementor-size-default\">Crinkle <\/h2>\t\t\t\t<\/div>\n\t\t\t\t<\/div>\n\t\t\t\t<div class=\"elementor-element elementor-element-56aabb98 elementor-widget-divider--view-line elementor-widget elementor-widget-divider\" data-id=\"56aabb98\" data-element_type=\"widget\" data-e-type=\"widget\" data-widget_type=\"divider.default\">\n\t\t\t\t<div class=\"elementor-widget-container\">\n\t\t\t\t\t\t\t<div class=\"elementor-divider\">\n\t\t\t<span class=\"elementor-divider-separator\">\n\t\t\t\t\t\t<\/span>\n\t\t<\/div>\n\t\t\t\t\t\t<\/div>\n\t\t\t\t<\/div>\n\t\t\t\t<div class=\"elementor-element elementor-element-3dfed1d2 elementor-invisible elementor-widget elementor-widget-text-editor\" data-id=\"3dfed1d2\" data-element_type=\"widget\" data-e-type=\"widget\" data-settings=\"{&quot;_animation&quot;:&quot;fadeIn&quot;}\" data-widget_type=\"text-editor.default\">\n\t\t\t\t<div class=\"elementor-widget-container\">\n\t\t\t\t\t\t\t\t\t<p><strong>CARACTER\u00cdSTICAS<\/strong><\/p><p>Este processo confere \u00e0s pe\u00e7as um aspecto envelhecido\u00a0<\/p><p data-start=\"496\" data-end=\"804\">O Crinkle \u00e9 um processo de acabamento que confere \u00e0s pe\u00e7as um aspeto naturalmente envelhecido, (tipo jeans) em forma de riscos (como as ra\u00edzes de uma \u00e1rvore), toque vintage que as torna \u00fanicas. Na Quinta Santos, aplicamos esta t\u00e9cnica com cuidado e precis\u00e3o, real\u00e7ando a beleza dos materiais e valorizando o car\u00e1ter de cada pe\u00e7a.<\/p><p data-start=\"809\" data-end=\"986\">Ideal para quem aprecia detalhes que contam uma narrativa e procuram produtos com alma.<\/p><p data-start=\"991\" data-end=\"1125\">Descubra como o Crinkle transforma o comum em extraordin\u00e1rio, atrav\u00e9s de um processo sustent\u00e1vel, intemporal e cheio de personalidade.<\/p>\t\t\t\t\t\t\t\t<\/div>\n\t\t\t\t<\/div>\n\t\t\t\t<div class=\"elementor-element elementor-element-0cbd832 elementor-align-left elementor-widget elementor-widget-button\" data-id=\"0cbd832\" data-element_type=\"widget\" data-e-type=\"widget\" data-widget_type=\"button.default\">\n\t\t\t\t<div class=\"elementor-widget-container\">\n\t\t\t\t\t\t\t\t\t<div class=\"elementor-button-wrapper\">\n\t\t\t\t\t<a class=\"elementor-button elementor-button-link elementor-size-sm\" href=\"https:\/\/quintasantos.pt\/index.php\/contactos\/\">\n\t\t\t\t\t\t<span class=\"elementor-button-content-wrapper\">\n\t\t\t\t\t\t\t\t\t<span class=\"elementor-button-text\">Solicitar mais info<\/span>\n\t\t\t\t\t<\/span>\n\t\t\t\t\t<\/a>\n\t\t\t\t<\/div>\n\t\t\t\t\t\t\t\t<\/div>\n\t\t\t\t<\/div>\n\t\t\t\t<div class=\"elementor-element elementor-element-adbec56 elementor-widget elementor-widget-jkit_button\" data-id=\"adbec56\" data-element_type=\"widget\" data-e-type=\"widget\" data-widget_type=\"jkit_button.default\">\n\t\t\t\t<div class=\"elementor-widget-container\">\n\t\t\t\t\t<div  class=\"jeg-elementor-kit jkit-button  icon-position-before jeg_module___69f29131cb4d3\" ><a href=\"https:\/\/quintasantos.pt\/index.php\/servicos\/acabamentos\/\" class=\"jkit-button-wrapper\"><i aria-hidden=\"true\" class=\"fas fa-arrow-circle-left\"><\/i>VOLTAR<\/a><\/div>\t\t\t\t<\/div>\n\t\t\t\t<\/div>\n\t\t\t\t\t<\/div>\n\t\t<\/div>\n\t\t\t\t<div class=\"elementor-column elementor-col-50 elementor-inner-column elementor-element elementor-element-16b1e32a\" data-id=\"16b1e32a\" data-element_type=\"column\" data-e-type=\"column\">\n\t\t\t<div class=\"elementor-widget-wrap elementor-element-populated\">\n\t\t\t\t\t\t<div class=\"elementor-element elementor-element-75722d5b elementor-widget elementor-widget-spacer\" data-id=\"75722d5b\" data-element_type=\"widget\" data-e-type=\"widget\" data-widget_type=\"spacer.default\">\n\t\t\t\t<div class=\"elementor-widget-container\">\n\t\t\t\t\t\t\t<div class=\"elementor-spacer\">\n\t\t\t<div class=\"elementor-spacer-inner\"><\/div>\n\t\t<\/div>\n\t\t\t\t\t\t<\/div>\n\t\t\t\t<\/div>\n\t\t\t\t\t<\/div>\n\t\t<\/div>\n\t\t\t\t\t<\/div>\n\t\t<\/section>\n\t\t\t\t\t<\/div>\n\t\t<\/div>\n\t\t\t\t\t<\/div>\n\t\t<\/section>\n\t\t\t\t<\/div>\n\t\t","protected":false},"excerpt":{"rendered":"<p>Crinkle CARACTER\u00cdSTICAS Este processo confere \u00e0s pe\u00e7as um aspecto envelhecido\u00a0 O Crinkle \u00e9 um processo de acabamento que confere \u00e0s pe\u00e7as um aspeto naturalmente envelhecido, (tipo jeans) em forma de riscos (como as ra\u00edzes de uma \u00e1rvore), toque vintage que as torna \u00fanicas. Na Quinta Santos, aplicamos esta t\u00e9cnica com cuidado e precis\u00e3o, real\u00e7ando a [&hellip;]<\/p>\n","protected":false},"author":1,"featured_media":0,"parent":0,"menu_order":0,"comment_status":"closed","ping_status":"closed","template":"","meta":{"footnotes":""},"class_list":["post-4311","page","type-page","status-publish","hentry"],"yoast_head":"<!-- This site is optimized with the Yoast SEO plugin v27.1.1 - https:\/\/yoast.com\/product\/yoast-seo-wordpress\/ -->\n<title>Crinkle - Green Dye<\/title>\n<meta name=\"description\" content=\"Descubra o Crinkle: um processo artesanal que confere \u00e0s pe\u00e7as um aspeto envelhecido \u00fanico, com charme, textura e personalidade pr\u00f3pria.\" \/>\n<meta name=\"robots\" content=\"index, follow, max-snippet:-1, max-image-preview:large, max-video-preview:-1\" \/>\n<link rel=\"canonical\" href=\"https:\/\/quintasantos.pt\/crinkle\/\" \/>\n<meta property=\"og:locale\" content=\"en_GB\" \/>\n<meta property=\"og:type\" content=\"article\" \/>\n<meta property=\"og:title\" content=\"Crinkle - Green Dye\" \/>\n<meta property=\"og:description\" content=\"Descubra o Crinkle: um processo artesanal que confere \u00e0s pe\u00e7as um aspeto envelhecido \u00fanico, com charme, textura e personalidade pr\u00f3pria.\" \/>\n<meta property=\"og:url\" content=\"https:\/\/quintasantos.pt\/crinkle\/\" \/>\n<meta property=\"og:site_name\" content=\"Green Dye\" \/>\n<meta property=\"article:publisher\" content=\"https:\/\/www.facebook.com\/login\/?next=httpswww.facebook.comquintasantos.pt\" \/>\n<meta property=\"article:modified_time\" content=\"2025-06-27T12:41:21+00:00\" \/>\n<meta name=\"twitter:card\" content=\"summary_large_image\" \/>\n<meta name=\"twitter:label1\" content=\"Estimated reading time\" \/>\n\t<meta name=\"twitter:data1\" content=\"1 minute\" \/>\n<script type=\"application\/ld+json\" class=\"yoast-schema-graph\">{\"@context\":\"https:\/\/schema.org\",\"@graph\":[{\"@type\":\"WebPage\",\"@id\":\"https:\/\/quintasantos.pt\/crinkle\/\",\"url\":\"https:\/\/quintasantos.pt\/crinkle\/\",\"name\":\"Crinkle - Green Dye\",\"isPartOf\":{\"@id\":\"https:\/\/quintasantos.pt\/#website\"},\"datePublished\":\"2023-01-20T21:14:20+00:00\",\"dateModified\":\"2025-06-27T12:41:21+00:00\",\"description\":\"Descubra o Crinkle: um processo artesanal que confere \u00e0s pe\u00e7as um aspeto envelhecido \u00fanico, com charme, textura e personalidade pr\u00f3pria.\",\"breadcrumb\":{\"@id\":\"https:\/\/quintasantos.pt\/crinkle\/#breadcrumb\"},\"inLanguage\":\"en-GB\",\"potentialAction\":[{\"@type\":\"ReadAction\",\"target\":[\"https:\/\/quintasantos.pt\/crinkle\/\"]}]},{\"@type\":\"BreadcrumbList\",\"@id\":\"https:\/\/quintasantos.pt\/crinkle\/#breadcrumb\",\"itemListElement\":[{\"@type\":\"ListItem\",\"position\":1,\"name\":\"In\u00edcio\",\"item\":\"https:\/\/greendye.pt\/\"},{\"@type\":\"ListItem\",\"position\":2,\"name\":\"Crinkle\"}]},{\"@type\":\"WebSite\",\"@id\":\"https:\/\/quintasantos.pt\/#website\",\"url\":\"https:\/\/quintasantos.pt\/\",\"name\":\"Green Dye\",\"description\":\"Lavandaria e Tinturaria Industrial\",\"publisher\":{\"@id\":\"https:\/\/quintasantos.pt\/#organization\"},\"potentialAction\":[{\"@type\":\"SearchAction\",\"target\":{\"@type\":\"EntryPoint\",\"urlTemplate\":\"https:\/\/quintasantos.pt\/?s={search_term_string}\"},\"query-input\":{\"@type\":\"PropertyValueSpecification\",\"valueRequired\":true,\"valueName\":\"search_term_string\"}}],\"inLanguage\":\"en-GB\"},{\"@type\":\"Organization\",\"@id\":\"https:\/\/quintasantos.pt\/#organization\",\"name\":\"Quinta & Santos Score, S.A.\",\"url\":\"https:\/\/quintasantos.pt\/\",\"logo\":{\"@type\":\"ImageObject\",\"inLanguage\":\"en-GB\",\"@id\":\"https:\/\/quintasantos.pt\/#\/schema\/logo\/image\/\",\"url\":\"https:\/\/quintasantos.pt\/wp-content\/uploads\/2022\/08\/logo-quinta-e-santos-score-lavandaria-tinturaria-industrial.png\",\"contentUrl\":\"https:\/\/quintasantos.pt\/wp-content\/uploads\/2022\/08\/logo-quinta-e-santos-score-lavandaria-tinturaria-industrial.png\",\"width\":1842,\"height\":873,\"caption\":\"Quinta & Santos Score, S.A.\"},\"image\":{\"@id\":\"https:\/\/quintasantos.pt\/#\/schema\/logo\/image\/\"},\"sameAs\":[\"https:\/\/www.facebook.com\/login\/?next=httpswww.facebook.comquintasantos.pt\"]}]}<\/script>\n<!-- \/ Yoast SEO plugin. -->","yoast_head_json":{"title":"Crinkle - Green Dye","description":"Descubra o Crinkle: um processo artesanal que confere \u00e0s pe\u00e7as um aspeto envelhecido \u00fanico, com charme, textura e personalidade pr\u00f3pria.","robots":{"index":"index","follow":"follow","max-snippet":"max-snippet:-1","max-image-preview":"max-image-preview:large","max-video-preview":"max-video-preview:-1"},"canonical":"https:\/\/quintasantos.pt\/crinkle\/","og_locale":"en_GB","og_type":"article","og_title":"Crinkle - Green Dye","og_description":"Descubra o Crinkle: um processo artesanal que confere \u00e0s pe\u00e7as um aspeto envelhecido \u00fanico, com charme, textura e personalidade pr\u00f3pria.","og_url":"https:\/\/quintasantos.pt\/crinkle\/","og_site_name":"Green Dye","article_publisher":"https:\/\/www.facebook.com\/login\/?next=httpswww.facebook.comquintasantos.pt","article_modified_time":"2025-06-27T12:41:21+00:00","twitter_card":"summary_large_image","twitter_misc":{"Estimated reading time":"1 minute"},"schema":{"@context":"https:\/\/schema.org","@graph":[{"@type":"WebPage","@id":"https:\/\/quintasantos.pt\/crinkle\/","url":"https:\/\/quintasantos.pt\/crinkle\/","name":"Crinkle - Green Dye","isPartOf":{"@id":"https:\/\/quintasantos.pt\/#website"},"datePublished":"2023-01-20T21:14:20+00:00","dateModified":"2025-06-27T12:41:21+00:00","description":"Descubra o Crinkle: um processo artesanal que confere \u00e0s pe\u00e7as um aspeto envelhecido \u00fanico, com charme, textura e personalidade pr\u00f3pria.","breadcrumb":{"@id":"https:\/\/quintasantos.pt\/crinkle\/#breadcrumb"},"inLanguage":"en-GB","potentialAction":[{"@type":"ReadAction","target":["https:\/\/quintasantos.pt\/crinkle\/"]}]},{"@type":"BreadcrumbList","@id":"https:\/\/quintasantos.pt\/crinkle\/#breadcrumb","itemListElement":[{"@type":"ListItem","position":1,"name":"In\u00edcio","item":"https:\/\/greendye.pt\/"},{"@type":"ListItem","position":2,"name":"Crinkle"}]},{"@type":"WebSite","@id":"https:\/\/quintasantos.pt\/#website","url":"https:\/\/quintasantos.pt\/","name":"Green Dye","description":"Lavandaria e Tinturaria Industrial","publisher":{"@id":"https:\/\/quintasantos.pt\/#organization"},"potentialAction":[{"@type":"SearchAction","target":{"@type":"EntryPoint","urlTemplate":"https:\/\/quintasantos.pt\/?s={search_term_string}"},"query-input":{"@type":"PropertyValueSpecification","valueRequired":true,"valueName":"search_term_string"}}],"inLanguage":"en-GB"},{"@type":"Organization","@id":"https:\/\/quintasantos.pt\/#organization","name":"Quinta &amp; Santos Score, S.A.","url":"https:\/\/quintasantos.pt\/","logo":{"@type":"ImageObject","inLanguage":"en-GB","@id":"https:\/\/quintasantos.pt\/#\/schema\/logo\/image\/","url":"https:\/\/quintasantos.pt\/wp-content\/uploads\/2022\/08\/logo-quinta-e-santos-score-lavandaria-tinturaria-industrial.png","contentUrl":"https:\/\/quintasantos.pt\/wp-content\/uploads\/2022\/08\/logo-quinta-e-santos-score-lavandaria-tinturaria-industrial.png","width":1842,"height":873,"caption":"Quinta & Santos Score, S.A."},"image":{"@id":"https:\/\/quintasantos.pt\/#\/schema\/logo\/image\/"},"sameAs":["https:\/\/www.facebook.com\/login\/?next=httpswww.facebook.comquintasantos.pt"]}]}},"_links":{"self":[{"href":"https:\/\/greendye.pt\/en\/wp-json\/wp\/v2\/pages\/4311","targetHints":{"allow":["GET"]}}],"collection":[{"href":"https:\/\/greendye.pt\/en\/wp-json\/wp\/v2\/pages"}],"about":[{"href":"https:\/\/greendye.pt\/en\/wp-json\/wp\/v2\/types\/page"}],"author":[{"embeddable":true,"href":"https:\/\/greendye.pt\/en\/wp-json\/wp\/v2\/users\/1"}],"replies":[{"embeddable":true,"href":"https:\/\/greendye.pt\/en\/wp-json\/wp\/v2\/comments?post=4311"}],"version-history":[{"count":0,"href":"https:\/\/greendye.pt\/en\/wp-json\/wp\/v2\/pages\/4311\/revisions"}],"wp:attachment":[{"href":"https:\/\/greendye.pt\/en\/wp-json\/wp\/v2\/media?parent=4311"}],"curies":[{"name":"wp","href":"https:\/\/api.w.org\/{rel}","templated":true}]}}