{"id":3773,"date":"2022-12-27T12:11:26","date_gmt":"2022-12-27T12:11:26","guid":{"rendered":"https:\/\/quintasantos.pt\/?page_id=3773"},"modified":"2023-02-02T14:50:13","modified_gmt":"2023-02-02T14:50:13","slug":"veins-dye","status":"publish","type":"page","link":"https:\/\/greendye.pt\/en\/veins-dye\/","title":{"rendered":"Veins Dye"},"content":{"rendered":"<style>.elementor-3773 .elementor-element.elementor-element-2b6734f4 > .elementor-container{min-height:100vh;}.elementor-3773 .elementor-element.elementor-element-2b6734f4:not(.elementor-motion-effects-element-type-background), .elementor-3773 .elementor-element.elementor-element-2b6734f4 > .elementor-motion-effects-container > .elementor-motion-effects-layer{background-color:#FFFFFF;}.elementor-3773 .elementor-element.elementor-element-2b6734f4 > .elementor-background-overlay{background-color:#131313;opacity:0;mix-blend-mode:multiply;transition:background 0.3s, border-radius 0.3s, opacity 0.3s;}.elementor-3773 .elementor-element.elementor-element-2b6734f4{transition:background 0.3s, border 0.3s, border-radius 0.3s, box-shadow 0.3s;margin-top:100px;margin-bottom:100px;}.elementor-3773 .elementor-element.elementor-element-19b2cee8:not(.elementor-motion-effects-element-type-background) > .elementor-widget-wrap, .elementor-3773 .elementor-element.elementor-element-19b2cee8 > .elementor-widget-wrap > .elementor-motion-effects-container > .elementor-motion-effects-layer{background-color:transparent;background-image:linear-gradient(180deg, #F0EEEF 0%, #ebe9ec 100%);}.elementor-3773 .elementor-element.elementor-element-19b2cee8 > .elementor-element-populated >  .elementor-background-overlay{background-color:transparent;background-image:radial-gradient(at center center, #f0eeef 0%, #f0f0f0 100%);opacity:0.6;}.elementor-3773 .elementor-element.elementor-element-19b2cee8 > .elementor-element-populated, .elementor-3773 .elementor-element.elementor-element-19b2cee8 > .elementor-element-populated > .elementor-background-overlay, .elementor-3773 .elementor-element.elementor-element-19b2cee8 > .elementor-background-slideshow{border-radius:10px 10px 10px 10px;}.elementor-3773 .elementor-element.elementor-element-19b2cee8 > .elementor-element-populated{box-shadow:0px 0px 61px -31px #000000;transition:background 0.3s, border 0.3s, border-radius 0.3s, box-shadow 0.3s;}.elementor-3773 .elementor-element.elementor-element-19b2cee8 > .elementor-element-populated > .elementor-background-overlay{transition:background 0.3s, border-radius 0.3s, opacity 0.3s;}.elementor-3773 .elementor-element.elementor-element-53bf34d5 > .elementor-container{min-height:677px;}.elementor-3773 .elementor-element.elementor-element-53bf34d5 > .elementor-container > .elementor-column > .elementor-widget-wrap{align-content:center;align-items:center;}.elementor-3773 .elementor-element.elementor-element-53bf34d5, .elementor-3773 .elementor-element.elementor-element-53bf34d5 > .elementor-background-overlay{border-radius:7px 7px 7px 7px;}.elementor-3773 .elementor-element.elementor-element-53bf34d5{margin-top:0px;margin-bottom:0px;padding:0px 0px 0px 0px;}.elementor-3773 .elementor-element.elementor-element-6131821b > .elementor-element-populated{padding:50px 50px 50px 50px;}.elementor-3773 .elementor-element.elementor-element-3d640ec9{text-align:start;}.elementor-3773 .elementor-element.elementor-element-3d640ec9 .elementor-heading-title{font-family:\"Jost\", Sans-serif;font-size:4rem;font-weight:700;line-height:1em;color:#0c0c0c;}.elementor-3773 .elementor-element.elementor-element-56aabb98{--divider-border-style:solid;--divider-color:#54595f;--divider-border-width:2px;}.elementor-3773 .elementor-element.elementor-element-56aabb98 .elementor-divider-separator{width:30px;margin:0 auto;margin-left:0;}.elementor-3773 .elementor-element.elementor-element-56aabb98 .elementor-divider{text-align:left;padding-block-start:2px;padding-block-end:2px;}.elementor-3773 .elementor-element.elementor-element-3dfed1d2{font-family:\"Jost\", Sans-serif;font-size:1.1rem;line-height:1.5em;color:#7A7A7A;}.elementor-3773 .elementor-element.elementor-element-6ef55be .elementor-button{font-family:\"Jost\", Sans-serif;font-size:0.8rem;font-weight:600;text-transform:uppercase;text-decoration:none;line-height:19px;letter-spacing:2.6px;fill:#000000;color:#000000;background-color:rgba(196,181,131,0);border-style:solid;border-width:1px 1px 1px 1px;border-color:#000000;border-radius:100px 100px 100px 100px;padding:15px 45px 15px 45px;}.elementor-3773 .elementor-element.elementor-element-6ef55be .elementor-button:hover, .elementor-3773 .elementor-element.elementor-element-6ef55be .elementor-button:focus{color:#54595f;background-color:#ffffff;border-color:#ffffff;}.elementor-3773 .elementor-element.elementor-element-6ef55be .elementor-button:hover svg, .elementor-3773 .elementor-element.elementor-element-6ef55be .elementor-button:focus svg{fill:#54595f;}.elementor-3773 .elementor-element.elementor-element-6ef55be > .elementor-widget-container{padding:20px 0px 0px 0px;}.elementor-3773 .elementor-element.elementor-element-9b11703 .jeg-elementor-kit.jkit-button{text-align:left;}.elementor-3773 .elementor-element.elementor-element-9b11703 .jeg-elementor-kit.jkit-button .jkit-button-wrapper{width:35%;padding:15px 0px 15px 0px;text-decoration:none;color:#B7F0F7;background-color:#255071;border-radius:100px 100px 100px 100px;box-shadow:0px 3px 5px 1px rgba(0, 0, 0, 0.1);}.elementor-3773 .elementor-element.elementor-element-9b11703 .jeg-elementor-kit.jkit-button .jkit-button-wrapper svg{fill:#B7F0F7;width:25px;}.elementor-3773 .elementor-element.elementor-element-9b11703 .jeg-elementor-kit.jkit-button .jkit-button-wrapper:hover{color:#255071;}.elementor-3773 .elementor-element.elementor-element-9b11703 .jeg-elementor-kit.jkit-button .jkit-button-wrapper:hover svg{fill:#255071;}.elementor-3773 .elementor-element.elementor-element-9b11703 .jeg-elementor-kit.jkit-button .jkit-button-wrapper:not(.hover-gradient):hover, .elementor-3773 .elementor-element.elementor-element-9b11703 .jeg-elementor-kit.jkit-button .jkit-button-wrapper.hover-gradient:before{background-color:#B8F7FF;}.elementor-3773 .elementor-element.elementor-element-9b11703 .jeg-elementor-kit.jkit-button .jkit-button-wrapper i{font-size:25px;}.elementor-3773 .elementor-element.elementor-element-9b11703 .jeg-elementor-kit.jkit-button.icon-position-before .jkit-button-wrapper i, .elementor-3773 .elementor-element.elementor-element-9b11703 .jeg-elementor-kit.jkit-button.icon-position-before .jkit-button-wrapper svg{margin-right:15px;}.elementor-3773 .elementor-element.elementor-element-9b11703 .jeg-elementor-kit.jkit-button.icon-position-after .jkit-button-wrapper i, .elementor-3773 .elementor-element.elementor-element-9b11703 .jeg-elementor-kit.jkit-button.icon-position-after .jkit-button-wrapper svg{margin-left:15px;}.elementor-3773 .elementor-element.elementor-element-9b11703 .jeg-elementor-kit.jkit-button .jkit-button-wrapper i, .elementor-3773 .elementor-element.elementor-element-9b11703 .jeg-elementor-kit.jkit-button .jkit-button-wrapper svg{-webkit-transform:translateY(0px);-ms-transform:translateY(0px);-o-transform:translateY(0px);-moz-transform:translateY(0px);transform:translateY(0px);}.elementor-bc-flex-widget .elementor-3773 .elementor-element.elementor-element-16b1e32a.elementor-column .elementor-widget-wrap{align-items:flex-start;}.elementor-3773 .elementor-element.elementor-element-16b1e32a.elementor-column.elementor-element[data-element_type=\"column\"] > .elementor-widget-wrap.elementor-element-populated{align-content:flex-start;align-items:flex-start;}.elementor-3773 .elementor-element.elementor-element-16b1e32a > .elementor-widget-wrap > .elementor-widget:not(.elementor-widget__width-auto):not(.elementor-widget__width-initial):not(:last-child):not(.elementor-absolute){margin-block-end:0px;}.elementor-3773 .elementor-element.elementor-element-75722d5b{--spacer-size:73px;}:root{--page-title-display:none;}@media(max-width:1024px){.elementor-3773 .elementor-element.elementor-element-2b6734f4 > .elementor-container{min-height:100vh;}.elementor-3773 .elementor-element.elementor-element-19b2cee8 > .elementor-element-populated{margin:20px 20px 20px 20px;--e-column-margin-right:20px;--e-column-margin-left:20px;}.elementor-3773 .elementor-element.elementor-element-6131821b > .elementor-element-populated{padding:25px 25px 25px 25px;}.elementor-3773 .elementor-element.elementor-element-3dfed1d2 > .elementor-widget-container{padding:0px 0px 0px 0px;}.elementor-3773 .elementor-element.elementor-element-9b11703 .jeg-elementor-kit.jkit-button{text-align:left;}.elementor-3773 .elementor-element.elementor-element-9b11703 .jeg-elementor-kit.jkit-button .jkit-button-wrapper{width:190px;}.elementor-3773 .elementor-element.elementor-element-16b1e32a > .elementor-element-populated{margin:15% 2% 0% 15%;--e-column-margin-right:2%;--e-column-margin-left:15%;}.elementor-3773 .elementor-element.elementor-element-75722d5b{--spacer-size:130px;}}@media(max-width:767px){.elementor-3773 .elementor-element.elementor-element-3d640ec9 .elementor-heading-title{font-size:32px;}.elementor-3773 .elementor-element.elementor-element-16b1e32a > .elementor-element-populated{margin:20px 20px 20px 20px;--e-column-margin-right:20px;--e-column-margin-left:20px;}.elementor-3773 .elementor-element.elementor-element-75722d5b{--spacer-size:42px;}}@media(max-width:1024px) and (min-width:768px){.elementor-3773 .elementor-element.elementor-element-6131821b{width:60%;}.elementor-3773 .elementor-element.elementor-element-16b1e32a{width:40%;}}<\/style>\t\t<div data-elementor-type=\"wp-page\" data-elementor-id=\"3773\" class=\"elementor elementor-3773\" data-elementor-post-type=\"page\">\n\t\t\t\t\t\t<section class=\"elementor-section elementor-top-section elementor-element elementor-element-2b6734f4 elementor-section-height-min-height elementor-section-boxed elementor-section-height-default elementor-section-items-middle\" data-id=\"2b6734f4\" data-element_type=\"section\" data-e-type=\"section\" data-settings=\"{&quot;background_background&quot;:&quot;classic&quot;}\">\n\t\t\t\t\t\t\t<div class=\"elementor-background-overlay\"><\/div>\n\t\t\t\t\t\t\t<div class=\"elementor-container elementor-column-gap-no\">\n\t\t\t\t\t<div class=\"elementor-column elementor-col-100 elementor-top-column elementor-element elementor-element-19b2cee8\" data-id=\"19b2cee8\" data-element_type=\"column\" data-e-type=\"column\" data-settings=\"{&quot;background_background&quot;:&quot;gradient&quot;}\">\n\t\t\t<div class=\"elementor-widget-wrap elementor-element-populated\">\n\t\t\t\t\t<div class=\"elementor-background-overlay\"><\/div>\n\t\t\t\t\t\t<section class=\"elementor-section elementor-inner-section elementor-element elementor-element-53bf34d5 elementor-section-height-min-height elementor-section-content-middle elementor-reverse-mobile elementor-section-boxed elementor-section-height-default\" data-id=\"53bf34d5\" data-element_type=\"section\" data-e-type=\"section\">\n\t\t\t\t\t\t<div class=\"elementor-container elementor-column-gap-no\">\n\t\t\t\t\t<div class=\"elementor-column elementor-col-50 elementor-inner-column elementor-element elementor-element-6131821b\" data-id=\"6131821b\" data-element_type=\"column\" data-e-type=\"column\">\n\t\t\t<div class=\"elementor-widget-wrap elementor-element-populated\">\n\t\t\t\t\t\t<div class=\"elementor-element elementor-element-3d640ec9 animated-slow elementor-invisible elementor-widget elementor-widget-heading\" data-id=\"3d640ec9\" data-element_type=\"widget\" data-e-type=\"widget\" data-settings=\"{&quot;_animation&quot;:&quot;fadeInUp&quot;,&quot;_animation_delay&quot;:100}\" data-widget_type=\"heading.default\">\n\t\t\t\t<div class=\"elementor-widget-container\">\n\t\t\t\t\t<h2 class=\"elementor-heading-title elementor-size-default\">Veins Dye<\/h2>\t\t\t\t<\/div>\n\t\t\t\t<\/div>\n\t\t\t\t<div class=\"elementor-element elementor-element-56aabb98 elementor-widget-divider--view-line elementor-widget elementor-widget-divider\" data-id=\"56aabb98\" data-element_type=\"widget\" data-e-type=\"widget\" data-widget_type=\"divider.default\">\n\t\t\t\t<div class=\"elementor-widget-container\">\n\t\t\t\t\t\t\t<div class=\"elementor-divider\">\n\t\t\t<span class=\"elementor-divider-separator\">\n\t\t\t\t\t\t<\/span>\n\t\t<\/div>\n\t\t\t\t\t\t<\/div>\n\t\t\t\t<\/div>\n\t\t\t\t<div class=\"elementor-element elementor-element-3dfed1d2 elementor-invisible elementor-widget elementor-widget-text-editor\" data-id=\"3dfed1d2\" data-element_type=\"widget\" data-e-type=\"widget\" data-settings=\"{&quot;_animation&quot;:&quot;fadeIn&quot;}\" data-widget_type=\"text-editor.default\">\n\t\t\t\t<div class=\"elementor-widget-container\">\n\t\t\t\t\t\t\t\t\t<p><strong>CARACTER\u00cdSTICAS<\/strong><\/p><p>Este processo resulta da aplica\u00e7\u00e3o de pigmentos na pe\u00e7a, de forma a obter um aspeto de veias coloridas. Devido aos produtos utilizados neste processo, \u00e9 poss\u00edvel escolher a cor a aplicar na pe\u00e7a, no entanto os manchamentos ficar\u00e3o sempre com uma tonalidade esbranqui\u00e7ada. Existe tamb\u00e9m a possibilidade deste efeito ser aplicado pela pe\u00e7a toda ou em locais espec\u00edficos. Este processo \u00e9 feito manualmente, por isso \u00e9 muito dif\u00edcil fazer uma pe\u00e7a igual \u00e0 outra (dentro do mesmo g\u00e9nero).<\/p>\t\t\t\t\t\t\t\t<\/div>\n\t\t\t\t<\/div>\n\t\t\t\t<div class=\"elementor-element elementor-element-6ef55be elementor-align-left elementor-widget elementor-widget-button\" data-id=\"6ef55be\" data-element_type=\"widget\" data-e-type=\"widget\" data-widget_type=\"button.default\">\n\t\t\t\t<div class=\"elementor-widget-container\">\n\t\t\t\t\t\t\t\t\t<div class=\"elementor-button-wrapper\">\n\t\t\t\t\t<a class=\"elementor-button elementor-button-link elementor-size-sm\" href=\"https:\/\/quintasantos.pt\/index.php\/contactos\/\">\n\t\t\t\t\t\t<span class=\"elementor-button-content-wrapper\">\n\t\t\t\t\t\t\t\t\t<span class=\"elementor-button-text\">Solicitar mais info<\/span>\n\t\t\t\t\t<\/span>\n\t\t\t\t\t<\/a>\n\t\t\t\t<\/div>\n\t\t\t\t\t\t\t\t<\/div>\n\t\t\t\t<\/div>\n\t\t\t\t<div class=\"elementor-element elementor-element-9b11703 elementor-widget elementor-widget-jkit_button\" data-id=\"9b11703\" data-element_type=\"widget\" data-e-type=\"widget\" data-widget_type=\"jkit_button.default\">\n\t\t\t\t<div class=\"elementor-widget-container\">\n\t\t\t\t\t<div  class=\"jeg-elementor-kit jkit-button  icon-position-before jeg_module___69f3996cc9f13\" ><a href=\"https:\/\/quintasantos.pt\/index.php\/servicos\/tingimentos\/\" class=\"jkit-button-wrapper\"><i aria-hidden=\"true\" class=\"fas fa-arrow-circle-left\"><\/i>VOLTAR<\/a><\/div>\t\t\t\t<\/div>\n\t\t\t\t<\/div>\n\t\t\t\t\t<\/div>\n\t\t<\/div>\n\t\t\t\t<div class=\"elementor-column elementor-col-50 elementor-inner-column elementor-element elementor-element-16b1e32a\" data-id=\"16b1e32a\" data-element_type=\"column\" data-e-type=\"column\">\n\t\t\t<div class=\"elementor-widget-wrap elementor-element-populated\">\n\t\t\t\t\t\t<div class=\"elementor-element elementor-element-75722d5b elementor-widget elementor-widget-spacer\" data-id=\"75722d5b\" data-element_type=\"widget\" data-e-type=\"widget\" data-widget_type=\"spacer.default\">\n\t\t\t\t<div class=\"elementor-widget-container\">\n\t\t\t\t\t\t\t<div class=\"elementor-spacer\">\n\t\t\t<div class=\"elementor-spacer-inner\"><\/div>\n\t\t<\/div>\n\t\t\t\t\t\t<\/div>\n\t\t\t\t<\/div>\n\t\t\t\t\t<\/div>\n\t\t<\/div>\n\t\t\t\t\t<\/div>\n\t\t<\/section>\n\t\t\t\t\t<\/div>\n\t\t<\/div>\n\t\t\t\t\t<\/div>\n\t\t<\/section>\n\t\t\t\t<\/div>\n\t\t","protected":false},"excerpt":{"rendered":"<p>Veins Dye CARACTER\u00cdSTICAS Este processo resulta da aplica\u00e7\u00e3o de pigmentos na pe\u00e7a, de forma a obter um aspeto de veias coloridas. Devido aos produtos utilizados neste processo, \u00e9 poss\u00edvel escolher a cor a aplicar na pe\u00e7a, no entanto os manchamentos ficar\u00e3o sempre com uma tonalidade esbranqui\u00e7ada. Existe tamb\u00e9m a possibilidade deste efeito ser aplicado pela [&hellip;]<\/p>\n","protected":false},"author":1,"featured_media":0,"parent":0,"menu_order":0,"comment_status":"closed","ping_status":"closed","template":"","meta":{"footnotes":""},"class_list":["post-3773","page","type-page","status-publish","hentry"],"yoast_head":"<!-- This site is optimized with the Yoast SEO plugin v27.1.1 - https:\/\/yoast.com\/product\/yoast-seo-wordpress\/ -->\n<title>Veins Dye - Green Dye<\/title>\n<meta name=\"description\" content=\"Quinta &amp; Santos Score, S.A. \u00e9 uma empresa que tem como principal ramo de actividade &quot;Lavandaria e Tinturaria Industrial\u201d e que disp\u00f5e de moderna maquinaria para a lavagem industrial de t\u00eaxteis.\" \/>\n<meta name=\"robots\" content=\"index, follow, max-snippet:-1, max-image-preview:large, max-video-preview:-1\" \/>\n<link rel=\"canonical\" href=\"https:\/\/quintasantos.pt\/veins-dye\/\" \/>\n<meta property=\"og:locale\" content=\"en_GB\" \/>\n<meta property=\"og:type\" content=\"article\" \/>\n<meta property=\"og:title\" content=\"Veins Dye - Green Dye\" \/>\n<meta property=\"og:description\" content=\"Quinta &amp; Santos Score, S.A. \u00e9 uma empresa que tem como principal ramo de actividade &quot;Lavandaria e Tinturaria Industrial\u201d e que disp\u00f5e de moderna maquinaria para a lavagem industrial de t\u00eaxteis.\" \/>\n<meta property=\"og:url\" content=\"https:\/\/quintasantos.pt\/veins-dye\/\" \/>\n<meta property=\"og:site_name\" content=\"Green Dye\" \/>\n<meta property=\"article:publisher\" content=\"https:\/\/www.facebook.com\/login\/?next=httpswww.facebook.comquintasantos.pt\" \/>\n<meta property=\"article:modified_time\" content=\"2023-02-02T14:50:13+00:00\" \/>\n<meta name=\"twitter:card\" content=\"summary_large_image\" \/>\n<meta name=\"twitter:label1\" content=\"Estimated reading time\" \/>\n\t<meta name=\"twitter:data1\" content=\"1 minute\" \/>\n<script type=\"application\/ld+json\" class=\"yoast-schema-graph\">{\"@context\":\"https:\/\/schema.org\",\"@graph\":[{\"@type\":\"WebPage\",\"@id\":\"https:\/\/quintasantos.pt\/veins-dye\/\",\"url\":\"https:\/\/quintasantos.pt\/veins-dye\/\",\"name\":\"Veins Dye - Green Dye\",\"isPartOf\":{\"@id\":\"https:\/\/quintasantos.pt\/#website\"},\"datePublished\":\"2022-12-27T12:11:26+00:00\",\"dateModified\":\"2023-02-02T14:50:13+00:00\",\"description\":\"Quinta & Santos Score, S.A. \u00e9 uma empresa que tem como principal ramo de actividade \\\"Lavandaria e Tinturaria Industrial\u201d e que disp\u00f5e de moderna maquinaria para a lavagem industrial de t\u00eaxteis.\",\"breadcrumb\":{\"@id\":\"https:\/\/quintasantos.pt\/veins-dye\/#breadcrumb\"},\"inLanguage\":\"en-GB\",\"potentialAction\":[{\"@type\":\"ReadAction\",\"target\":[\"https:\/\/quintasantos.pt\/veins-dye\/\"]}]},{\"@type\":\"BreadcrumbList\",\"@id\":\"https:\/\/quintasantos.pt\/veins-dye\/#breadcrumb\",\"itemListElement\":[{\"@type\":\"ListItem\",\"position\":1,\"name\":\"In\u00edcio\",\"item\":\"https:\/\/greendye.pt\/\"},{\"@type\":\"ListItem\",\"position\":2,\"name\":\"Veins Dye\"}]},{\"@type\":\"WebSite\",\"@id\":\"https:\/\/quintasantos.pt\/#website\",\"url\":\"https:\/\/quintasantos.pt\/\",\"name\":\"Green Dye\",\"description\":\"Lavandaria e Tinturaria Industrial\",\"publisher\":{\"@id\":\"https:\/\/quintasantos.pt\/#organization\"},\"potentialAction\":[{\"@type\":\"SearchAction\",\"target\":{\"@type\":\"EntryPoint\",\"urlTemplate\":\"https:\/\/quintasantos.pt\/?s={search_term_string}\"},\"query-input\":{\"@type\":\"PropertyValueSpecification\",\"valueRequired\":true,\"valueName\":\"search_term_string\"}}],\"inLanguage\":\"en-GB\"},{\"@type\":\"Organization\",\"@id\":\"https:\/\/quintasantos.pt\/#organization\",\"name\":\"Quinta & Santos Score, S.A.\",\"url\":\"https:\/\/quintasantos.pt\/\",\"logo\":{\"@type\":\"ImageObject\",\"inLanguage\":\"en-GB\",\"@id\":\"https:\/\/quintasantos.pt\/#\/schema\/logo\/image\/\",\"url\":\"https:\/\/quintasantos.pt\/wp-content\/uploads\/2022\/08\/logo-quinta-e-santos-score-lavandaria-tinturaria-industrial.png\",\"contentUrl\":\"https:\/\/quintasantos.pt\/wp-content\/uploads\/2022\/08\/logo-quinta-e-santos-score-lavandaria-tinturaria-industrial.png\",\"width\":1842,\"height\":873,\"caption\":\"Quinta & Santos Score, S.A.\"},\"image\":{\"@id\":\"https:\/\/quintasantos.pt\/#\/schema\/logo\/image\/\"},\"sameAs\":[\"https:\/\/www.facebook.com\/login\/?next=httpswww.facebook.comquintasantos.pt\"]}]}<\/script>\n<!-- \/ Yoast SEO plugin. -->","yoast_head_json":{"title":"Veins Dye - Green Dye","description":"Quinta & Santos Score, S.A. \u00e9 uma empresa que tem como principal ramo de actividade \"Lavandaria e Tinturaria Industrial\u201d e que disp\u00f5e de moderna maquinaria para a lavagem industrial de t\u00eaxteis.","robots":{"index":"index","follow":"follow","max-snippet":"max-snippet:-1","max-image-preview":"max-image-preview:large","max-video-preview":"max-video-preview:-1"},"canonical":"https:\/\/quintasantos.pt\/veins-dye\/","og_locale":"en_GB","og_type":"article","og_title":"Veins Dye - Green Dye","og_description":"Quinta & Santos Score, S.A. \u00e9 uma empresa que tem como principal ramo de actividade \"Lavandaria e Tinturaria Industrial\u201d e que disp\u00f5e de moderna maquinaria para a lavagem industrial de t\u00eaxteis.","og_url":"https:\/\/quintasantos.pt\/veins-dye\/","og_site_name":"Green Dye","article_publisher":"https:\/\/www.facebook.com\/login\/?next=httpswww.facebook.comquintasantos.pt","article_modified_time":"2023-02-02T14:50:13+00:00","twitter_card":"summary_large_image","twitter_misc":{"Estimated reading time":"1 minute"},"schema":{"@context":"https:\/\/schema.org","@graph":[{"@type":"WebPage","@id":"https:\/\/quintasantos.pt\/veins-dye\/","url":"https:\/\/quintasantos.pt\/veins-dye\/","name":"Veins Dye - Green Dye","isPartOf":{"@id":"https:\/\/quintasantos.pt\/#website"},"datePublished":"2022-12-27T12:11:26+00:00","dateModified":"2023-02-02T14:50:13+00:00","description":"Quinta & Santos Score, S.A. \u00e9 uma empresa que tem como principal ramo de actividade \"Lavandaria e Tinturaria Industrial\u201d e que disp\u00f5e de moderna maquinaria para a lavagem industrial de t\u00eaxteis.","breadcrumb":{"@id":"https:\/\/quintasantos.pt\/veins-dye\/#breadcrumb"},"inLanguage":"en-GB","potentialAction":[{"@type":"ReadAction","target":["https:\/\/quintasantos.pt\/veins-dye\/"]}]},{"@type":"BreadcrumbList","@id":"https:\/\/quintasantos.pt\/veins-dye\/#breadcrumb","itemListElement":[{"@type":"ListItem","position":1,"name":"In\u00edcio","item":"https:\/\/greendye.pt\/"},{"@type":"ListItem","position":2,"name":"Veins Dye"}]},{"@type":"WebSite","@id":"https:\/\/quintasantos.pt\/#website","url":"https:\/\/quintasantos.pt\/","name":"Green Dye","description":"Lavandaria e Tinturaria Industrial","publisher":{"@id":"https:\/\/quintasantos.pt\/#organization"},"potentialAction":[{"@type":"SearchAction","target":{"@type":"EntryPoint","urlTemplate":"https:\/\/quintasantos.pt\/?s={search_term_string}"},"query-input":{"@type":"PropertyValueSpecification","valueRequired":true,"valueName":"search_term_string"}}],"inLanguage":"en-GB"},{"@type":"Organization","@id":"https:\/\/quintasantos.pt\/#organization","name":"Quinta &amp; Santos Score, S.A.","url":"https:\/\/quintasantos.pt\/","logo":{"@type":"ImageObject","inLanguage":"en-GB","@id":"https:\/\/quintasantos.pt\/#\/schema\/logo\/image\/","url":"https:\/\/quintasantos.pt\/wp-content\/uploads\/2022\/08\/logo-quinta-e-santos-score-lavandaria-tinturaria-industrial.png","contentUrl":"https:\/\/quintasantos.pt\/wp-content\/uploads\/2022\/08\/logo-quinta-e-santos-score-lavandaria-tinturaria-industrial.png","width":1842,"height":873,"caption":"Quinta & Santos Score, S.A."},"image":{"@id":"https:\/\/quintasantos.pt\/#\/schema\/logo\/image\/"},"sameAs":["https:\/\/www.facebook.com\/login\/?next=httpswww.facebook.comquintasantos.pt"]}]}},"_links":{"self":[{"href":"https:\/\/greendye.pt\/en\/wp-json\/wp\/v2\/pages\/3773","targetHints":{"allow":["GET"]}}],"collection":[{"href":"https:\/\/greendye.pt\/en\/wp-json\/wp\/v2\/pages"}],"about":[{"href":"https:\/\/greendye.pt\/en\/wp-json\/wp\/v2\/types\/page"}],"author":[{"embeddable":true,"href":"https:\/\/greendye.pt\/en\/wp-json\/wp\/v2\/users\/1"}],"replies":[{"embeddable":true,"href":"https:\/\/greendye.pt\/en\/wp-json\/wp\/v2\/comments?post=3773"}],"version-history":[{"count":0,"href":"https:\/\/greendye.pt\/en\/wp-json\/wp\/v2\/pages\/3773\/revisions"}],"wp:attachment":[{"href":"https:\/\/greendye.pt\/en\/wp-json\/wp\/v2\/media?parent=3773"}],"curies":[{"name":"wp","href":"https:\/\/api.w.org\/{rel}","templated":true}]}}